{"id":30717,"date":"2021-11-24T22:08:42","date_gmt":"2021-11-24T21:08:42","guid":{"rendered":"https:\/\/dev2021.gauthier-charente.com\/notas-legales\/"},"modified":"2021-11-24T23:06:25","modified_gmt":"2021-11-24T22:06:25","slug":"notas-legales","status":"publish","type":"page","link":"https:\/\/www.gauthier-charente.com\/es\/notas-legales\/","title":{"rendered":"Notas legales"},"content":{"rendered":"\t\t<div data-elementor-type=\"wp-page\" data-elementor-id=\"30717\" class=\"elementor elementor-30717 elementor-29809\" data-elementor-post-type=\"page\">\n\t\t\t\t\t\t<section class=\"elementor-section elementor-top-section elementor-element elementor-element-61dc4652 elementor-section-height-min-height elementor-section-content-middle elementor-section-full_width elementor-section-height-default elementor-section-items-middle\" data-id=\"61dc4652\" data-element_type=\"section\" data-e-type=\"section\" data-settings=\"{&quot;background_background&quot;:&quot;slideshow&quot;,&quot;jet_parallax_layout_list&quot;:[{&quot;_id&quot;:&quot;fbfb624&quot;,&quot;jet_parallax_layout_image&quot;:{&quot;url&quot;:&quot;&quot;,&quot;id&quot;:&quot;&quot;,&quot;size&quot;:&quot;&quot;},&quot;jet_parallax_layout_image_tablet&quot;:{&quot;url&quot;:&quot;&quot;,&quot;id&quot;:&quot;&quot;,&quot;size&quot;:&quot;&quot;},&quot;jet_parallax_layout_image_mobile&quot;:{&quot;url&quot;:&quot;&quot;,&quot;id&quot;:&quot;&quot;,&quot;size&quot;:&quot;&quot;},&quot;jet_parallax_layout_speed&quot;:{&quot;unit&quot;:&quot;%&quot;,&quot;size&quot;:50,&quot;sizes&quot;:[]},&quot;jet_parallax_layout_type&quot;:&quot;scroll&quot;,&quot;jet_parallax_layout_direction&quot;:&quot;1&quot;,&quot;jet_parallax_layout_fx_direction&quot;:null,&quot;jet_parallax_layout_z_index&quot;:&quot;&quot;,&quot;jet_parallax_layout_bg_x&quot;:50,&quot;jet_parallax_layout_bg_x_tablet&quot;:&quot;&quot;,&quot;jet_parallax_layout_bg_x_mobile&quot;:&quot;&quot;,&quot;jet_parallax_layout_bg_y&quot;:50,&quot;jet_parallax_layout_bg_y_tablet&quot;:&quot;&quot;,&quot;jet_parallax_layout_bg_y_mobile&quot;:&quot;&quot;,&quot;jet_parallax_layout_bg_size&quot;:&quot;auto&quot;,&quot;jet_parallax_layout_bg_size_tablet&quot;:&quot;&quot;,&quot;jet_parallax_layout_bg_size_mobile&quot;:&quot;&quot;,&quot;jet_parallax_layout_animation_prop&quot;:&quot;transform&quot;,&quot;jet_parallax_layout_on&quot;:[&quot;desktop&quot;,&quot;tablet&quot;]}],&quot;background_slideshow_gallery&quot;:[{&quot;id&quot;:28924,&quot;url&quot;:&quot;https:\\\/\\\/www.gauthier-charente.com\\\/wp-content\\\/uploads\\\/2021\\\/07\\\/Capture-de\\u0301cran-2021-07-05-a\\u0300-21.56.30.png&quot;},{&quot;id&quot;:29351,&quot;url&quot;:&quot;https:\\\/\\\/www.gauthier-charente.com\\\/wp-content\\\/uploads\\\/2021\\\/09\\\/8967-5440.jpg&quot;},{&quot;id&quot;:29368,&quot;url&quot;:&quot;https:\\\/\\\/www.gauthier-charente.com\\\/wp-content\\\/uploads\\\/2021\\\/09\\\/6447-MONACO3-slide-1.jpg&quot;},{&quot;id&quot;:28923,&quot;url&quot;:&quot;https:\\\/\\\/www.gauthier-charente.com\\\/wp-content\\\/uploads\\\/2021\\\/07\\\/Capture-de\\u0301cran-2021-07-05-a\\u0300-21.56.10.png&quot;},{&quot;id&quot;:29543,&quot;url&quot;:&quot;https:\\\/\\\/www.gauthier-charente.com\\\/wp-content\\\/uploads\\\/2021\\\/11\\\/usine_ciel.jpg&quot;},{&quot;id&quot;:28930,&quot;url&quot;:&quot;https:\\\/\\\/www.gauthier-charente.com\\\/wp-content\\\/uploads\\\/2021\\\/07\\\/Capture-de\\u0301cran-2021-07-05-a\\u0300-21.58.34.png&quot;}],&quot;background_slideshow_ken_burns&quot;:&quot;yes&quot;,&quot;background_slideshow_loop&quot;:&quot;yes&quot;,&quot;background_slideshow_slide_duration&quot;:5000,&quot;background_slideshow_slide_transition&quot;:&quot;fade&quot;,&quot;background_slideshow_transition_duration&quot;:500,&quot;background_slideshow_ken_burns_zoom_direction&quot;:&quot;in&quot;}\">\n\t\t\t\t\t\t\t<div class=\"elementor-background-overlay\"><\/div>\n\t\t\t\t\t\t\t<div class=\"elementor-container elementor-column-gap-default\">\n\t\t\t\t\t<div class=\"elementor-column elementor-col-100 elementor-top-column elementor-element elementor-element-6ce67364\" data-id=\"6ce67364\" data-element_type=\"column\" data-e-type=\"column\">\n\t\t\t<div class=\"elementor-widget-wrap elementor-element-populated\">\n\t\t\t\t\t\t<div class=\"elementor-element elementor-element-1314cc9 elementor-widget elementor-widget-image\" data-id=\"1314cc9\" data-element_type=\"widget\" data-e-type=\"widget\" data-widget_type=\"image.default\">\n\t\t\t\t<div class=\"elementor-widget-container\">\n\t\t\t\t\t\t\t\t\t\t\t\t\t\t\t<img decoding=\"async\" width=\"108\" height=\"108\" src=\"https:\/\/www.gauthier-charente.com\/wp-content\/uploads\/2021\/07\/logo-gauthier-charente-simple-bleu.png\" class=\"attachment-full size-full wp-image-29915\" alt=\"\" \/>\t\t\t\t\t\t\t\t\t\t\t\t\t\t\t<\/div>\n\t\t\t\t<\/div>\n\t\t\t\t<div class=\"elementor-element elementor-element-443cfc6e elementor-widget elementor-widget-heading\" data-id=\"443cfc6e\" data-element_type=\"widget\" data-e-type=\"widget\" data-widget_type=\"heading.default\">\n\t\t\t\t<div class=\"elementor-widget-container\">\n\t\t\t\t\t<span class=\"elementor-heading-title elementor-size-default\">Gauthier Charente <\/span>\t\t\t\t<\/div>\n\t\t\t\t<\/div>\n\t\t\t\t<div class=\"elementor-element elementor-element-9e7c934 elementor-widget-divider--view-line_text elementor-widget-divider--element-align-center elementor-widget elementor-widget-divider\" data-id=\"9e7c934\" data-element_type=\"widget\" data-e-type=\"widget\" data-widget_type=\"divider.default\">\n\t\t\t\t<div class=\"elementor-widget-container\">\n\t\t\t\t\t\t\t<div class=\"elementor-divider\">\n\t\t\t<span class=\"elementor-divider-separator\">\n\t\t\t\t\t\t\t<span class=\"elementor-divider__text elementor-divider__element\">\n\t\t\t\tPiedra Combe Brune\u00ae\t\t\t\t<\/span>\n\t\t\t\t\t\t<\/span>\n\t\t<\/div>\n\t\t\t\t\t\t<\/div>\n\t\t\t\t<\/div>\n\t\t\t\t<div class=\"elementor-element elementor-element-64d930ca elementor-widget elementor-widget-heading\" data-id=\"64d930ca\" data-element_type=\"widget\" data-e-type=\"widget\" data-widget_type=\"heading.default\">\n\t\t\t\t<div class=\"elementor-widget-container\">\n\t\t\t\t\t<span class=\"elementor-heading-title elementor-size-default\"><span class=\"titreh1bis\">Notas legales<\/span><\/span>\t\t\t\t<\/div>\n\t\t\t\t<\/div>\n\t\t\t\t\t<\/div>\n\t\t<\/div>\n\t\t\t\t\t<\/div>\n\t\t<\/section>\n\t\t\t\t<section class=\"elementor-section elementor-top-section elementor-element elementor-element-8a46b1b elementor-section-content-middle elementor-section-boxed elementor-section-height-default elementor-section-height-default\" data-id=\"8a46b1b\" data-element_type=\"section\" data-e-type=\"section\" data-settings=\"{&quot;jet_parallax_layout_list&quot;:[{&quot;_id&quot;:&quot;fc127ff&quot;,&quot;jet_parallax_layout_image&quot;:{&quot;url&quot;:&quot;&quot;,&quot;id&quot;:&quot;&quot;,&quot;size&quot;:&quot;&quot;},&quot;jet_parallax_layout_image_tablet&quot;:{&quot;url&quot;:&quot;&quot;,&quot;id&quot;:&quot;&quot;,&quot;size&quot;:&quot;&quot;},&quot;jet_parallax_layout_image_mobile&quot;:{&quot;url&quot;:&quot;&quot;,&quot;id&quot;:&quot;&quot;,&quot;size&quot;:&quot;&quot;},&quot;jet_parallax_layout_speed&quot;:{&quot;unit&quot;:&quot;%&quot;,&quot;size&quot;:50,&quot;sizes&quot;:[]},&quot;jet_parallax_layout_type&quot;:&quot;scroll&quot;,&quot;jet_parallax_layout_direction&quot;:&quot;1&quot;,&quot;jet_parallax_layout_fx_direction&quot;:null,&quot;jet_parallax_layout_z_index&quot;:&quot;&quot;,&quot;jet_parallax_layout_bg_x&quot;:50,&quot;jet_parallax_layout_bg_x_tablet&quot;:&quot;&quot;,&quot;jet_parallax_layout_bg_x_mobile&quot;:&quot;&quot;,&quot;jet_parallax_layout_bg_y&quot;:50,&quot;jet_parallax_layout_bg_y_tablet&quot;:&quot;&quot;,&quot;jet_parallax_layout_bg_y_mobile&quot;:&quot;&quot;,&quot;jet_parallax_layout_bg_size&quot;:&quot;auto&quot;,&quot;jet_parallax_layout_bg_size_tablet&quot;:&quot;&quot;,&quot;jet_parallax_layout_bg_size_mobile&quot;:&quot;&quot;,&quot;jet_parallax_layout_animation_prop&quot;:&quot;transform&quot;,&quot;jet_parallax_layout_on&quot;:[&quot;desktop&quot;,&quot;tablet&quot;]}],&quot;background_background&quot;:&quot;classic&quot;}\">\n\t\t\t\t\t\t<div class=\"elementor-container elementor-column-gap-default\">\n\t\t\t\t\t<div class=\"elementor-column elementor-col-100 elementor-top-column elementor-element elementor-element-c7d6285\" data-id=\"c7d6285\" data-element_type=\"column\" data-e-type=\"column\">\n\t\t\t<div class=\"elementor-widget-wrap elementor-element-populated\">\n\t\t\t\t\t\t<div class=\"elementor-element elementor-element-8606d80 elementor-widget elementor-widget-text-editor\" data-id=\"8606d80\" data-element_type=\"widget\" data-e-type=\"widget\" data-widget_type=\"text-editor.default\">\n\t\t\t\t<div class=\"elementor-widget-container\">\n\t\t\t\t\t\t\t\t\t<p><strong>Propietario:<\/strong> GAUTHIER CHARENTE<\/p>\n<p>Representante <strong>legal<\/strong> : GAUTHIER Fran\u00e7ois<\/p>\n<p><strong>Raz\u00f3n social:<\/strong> GAUTHIER CHARENTE<\/p>\n<p><strong>Sede<\/strong> : 16 Rue des \u00c9coles, 16380 Marthon, Francia<\/p>\n<p><strong>Tel\u00e9fono<\/strong> : 05 45 70 22 72<\/p>\n<p><strong>Correo electr\u00f3nico<\/strong> : contact@gauthier-charente.com<\/p>\n<p><strong>SIRET<\/strong> : 44025228600016<\/p>\n<p><strong>C\u00f3digo APE<\/strong> : 0811Z<\/p>\n<p><strong>IVA<\/strong> intracomunitario: FR20440252286<\/p>\n<p><strong>Alojamiento<\/strong> : Infomaniak Network SA, Rue Eug\u00e8ne-Marziano 25, 1227 Ginebra &#8211; Suiza<\/p>\n<p>Webmaster del sitio <strong>:<\/strong> <a href=\"https:\/\/www.gaiacreative.fr\/\" target=\"_blank\" rel=\"noreferrer noopener\">GaiaCreative<\/a><\/p>\n<p>Direcci\u00f3n: 16110 Pranzac France Mail: contact@gaiacreative.fr<\/p>\n\t\t\t\t\t\t\t\t<\/div>\n\t\t\t\t<\/div>\n\t\t\t\t\t<\/div>\n\t\t<\/div>\n\t\t\t\t\t<\/div>\n\t\t<\/section>\n\t\t\t\t<section class=\"elementor-section elementor-top-section elementor-element elementor-element-61221d0e elementor-section-height-min-height elementor-section-content-middle elementor-section-boxed elementor-section-height-default elementor-section-items-middle\" data-id=\"61221d0e\" data-element_type=\"section\" data-e-type=\"section\" data-settings=\"{&quot;background_background&quot;:&quot;classic&quot;,&quot;jet_parallax_layout_list&quot;:[{&quot;_id&quot;:&quot;a4b0b6e&quot;,&quot;jet_parallax_layout_image&quot;:{&quot;url&quot;:&quot;&quot;,&quot;id&quot;:&quot;&quot;,&quot;size&quot;:&quot;&quot;},&quot;jet_parallax_layout_image_tablet&quot;:{&quot;url&quot;:&quot;&quot;,&quot;id&quot;:&quot;&quot;,&quot;size&quot;:&quot;&quot;},&quot;jet_parallax_layout_image_mobile&quot;:{&quot;url&quot;:&quot;&quot;,&quot;id&quot;:&quot;&quot;,&quot;size&quot;:&quot;&quot;},&quot;jet_parallax_layout_speed&quot;:{&quot;unit&quot;:&quot;%&quot;,&quot;size&quot;:50,&quot;sizes&quot;:[]},&quot;jet_parallax_layout_type&quot;:&quot;scroll&quot;,&quot;jet_parallax_layout_direction&quot;:&quot;1&quot;,&quot;jet_parallax_layout_fx_direction&quot;:null,&quot;jet_parallax_layout_z_index&quot;:&quot;&quot;,&quot;jet_parallax_layout_bg_x&quot;:50,&quot;jet_parallax_layout_bg_x_tablet&quot;:&quot;&quot;,&quot;jet_parallax_layout_bg_x_mobile&quot;:&quot;&quot;,&quot;jet_parallax_layout_bg_y&quot;:50,&quot;jet_parallax_layout_bg_y_tablet&quot;:&quot;&quot;,&quot;jet_parallax_layout_bg_y_mobile&quot;:&quot;&quot;,&quot;jet_parallax_layout_bg_size&quot;:&quot;auto&quot;,&quot;jet_parallax_layout_bg_size_tablet&quot;:&quot;&quot;,&quot;jet_parallax_layout_bg_size_mobile&quot;:&quot;&quot;,&quot;jet_parallax_layout_animation_prop&quot;:&quot;transform&quot;,&quot;jet_parallax_layout_on&quot;:[&quot;desktop&quot;,&quot;tablet&quot;]}]}\">\n\t\t\t\t\t\t<div class=\"elementor-container elementor-column-gap-default\">\n\t\t\t\t\t<div class=\"elementor-column elementor-col-100 elementor-top-column elementor-element elementor-element-7981add\" data-id=\"7981add\" data-element_type=\"column\" data-e-type=\"column\">\n\t\t\t<div class=\"elementor-widget-wrap elementor-element-populated\">\n\t\t\t\t\t\t<div class=\"elementor-element elementor-element-5ce2502 elementor-widget elementor-widget-heading\" data-id=\"5ce2502\" data-element_type=\"widget\" data-e-type=\"widget\" data-widget_type=\"heading.default\">\n\t\t\t\t<div class=\"elementor-widget-container\">\n\t\t\t\t\t<h2 class=\"elementor-heading-title elementor-size-large\">Ellos conf\u00edan en nosotros<\/h2>\t\t\t\t<\/div>\n\t\t\t\t<\/div>\n\t\t\t\t<div class=\"elementor-element elementor-element-5018bfb elementor-arrows-position-inside elementor-pagination-position-outside elementor-widget elementor-widget-image-carousel\" data-id=\"5018bfb\" data-element_type=\"widget\" data-e-type=\"widget\" data-settings=\"{&quot;slides_to_show&quot;:&quot;5&quot;,&quot;slides_to_show_tablet&quot;:&quot;4&quot;,&quot;slides_to_show_mobile&quot;:&quot;1&quot;,&quot;navigation&quot;:&quot;both&quot;,&quot;autoplay&quot;:&quot;yes&quot;,&quot;pause_on_hover&quot;:&quot;yes&quot;,&quot;pause_on_interaction&quot;:&quot;yes&quot;,&quot;autoplay_speed&quot;:5000,&quot;infinite&quot;:&quot;yes&quot;,&quot;speed&quot;:500}\" data-widget_type=\"image-carousel.default\">\n\t\t\t\t<div class=\"elementor-widget-container\">\n\t\t\t\t\t\t\t<div class=\"elementor-image-carousel-wrapper swiper\" role=\"region\" aria-roledescription=\"carousel\" aria-label=\"Carrusel de im\u00e1genes\" dir=\"ltr\">\n\t\t\t<div class=\"elementor-image-carousel swiper-wrapper\" aria-live=\"off\">\n\t\t\t\t\t\t\t\t<div class=\"swiper-slide\" role=\"group\" aria-roledescription=\"slide\" aria-label=\"1 de 3\"><figure class=\"swiper-slide-inner\"><img decoding=\"async\" class=\"swiper-slide-image\" src=\"https:\/\/www.gauthier-charente.com\/wp-content\/uploads\/2021\/07\/1200px-La_Rochelle_logo_2018-150x150.png\" alt=\"1200px-La_Rochelle_logo_2018\" \/><\/figure><\/div><div class=\"swiper-slide\" role=\"group\" aria-roledescription=\"slide\" aria-label=\"2 de 3\"><figure class=\"swiper-slide-inner\"><img decoding=\"async\" class=\"swiper-slide-image\" src=\"https:\/\/www.gauthier-charente.com\/wp-content\/uploads\/2021\/07\/Logo_ville_de_Cognac-150x150.jpeg\" alt=\"Logo_ville_de_Cognac\" \/><\/figure><\/div><div class=\"swiper-slide\" role=\"group\" aria-roledescription=\"slide\" aria-label=\"3 de 3\"><figure class=\"swiper-slide-inner\"><img decoding=\"async\" class=\"swiper-slide-image\" src=\"https:\/\/www.gauthier-charente.com\/wp-content\/uploads\/2021\/07\/te\u0301le\u0301chargement-150x150.png\" alt=\"descargar\" \/><\/figure><\/div>\t\t\t<\/div>\n\t\t\t\t\t\t\t\t\t\t\t\t<div class=\"elementor-swiper-button elementor-swiper-button-prev\" role=\"button\" tabindex=\"0\">\n\t\t\t\t\t\t<i aria-hidden=\"true\" class=\"eicon-chevron-left\"><\/i>\t\t\t\t\t<\/div>\n\t\t\t\t\t<div class=\"elementor-swiper-button elementor-swiper-button-next\" role=\"button\" tabindex=\"0\">\n\t\t\t\t\t\t<i aria-hidden=\"true\" class=\"eicon-chevron-right\"><\/i>\t\t\t\t\t<\/div>\n\t\t\t\t\n\t\t\t\t\t\t\t\t\t<div class=\"swiper-pagination\"><\/div>\n\t\t\t\t\t\t\t\t\t<\/div>\n\t\t\t\t\t\t<\/div>\n\t\t\t\t<\/div>\n\t\t\t\t<div class=\"elementor-element elementor-element-25788883 elementor-widget elementor-widget-spacer\" data-id=\"25788883\" data-element_type=\"widget\" data-e-type=\"widget\" data-widget_type=\"spacer.default\">\n\t\t\t\t<div class=\"elementor-widget-container\">\n\t\t\t\t\t\t\t<div class=\"elementor-spacer\">\n\t\t\t<div class=\"elementor-spacer-inner\"><\/div>\n\t\t<\/div>\n\t\t\t\t\t\t<\/div>\n\t\t\t\t<\/div>\n\t\t\t\t\t<\/div>\n\t\t<\/div>\n\t\t\t\t\t<\/div>\n\t\t<\/section>\n\t\t\t\t<\/div>\n\t\t","protected":false},"excerpt":{"rendered":"<p>Gauthier Charente Piedra Combe Brune\u00ae Notas legales Propietario: GAUTHIER CHARENTE Representante legal : GAUTHIER Fran\u00e7ois Raz\u00f3n social: GAUTHIER CHARENTE Sede : 16 Rue des \u00c9coles, 16380 Marthon, Francia Tel\u00e9fono : 05 45 70 22 72 Correo electr\u00f3nico : contact@gauthier-charente.com SIRET : 44025228600016 C\u00f3digo APE : 0811Z IVA intracomunitario: FR20440252286 Alojamiento : Infomaniak Network SA, Rue [&hellip;]<\/p>\n","protected":false},"author":1,"featured_media":0,"parent":0,"menu_order":0,"comment_status":"closed","ping_status":"closed","template":"","meta":{"footnotes":""},"class_list":["post-30717","page","type-page","status-publish","hentry"],"yoast_head":"<!-- This site is optimized with the Yoast SEO plugin v27.4 - https:\/\/yoast.com\/product\/yoast-seo-wordpress\/ -->\n<title>Notas legales - Gauthier CHARENTE<\/title>\n<meta name=\"robots\" content=\"index, follow, max-snippet:-1, max-image-preview:large, max-video-preview:-1\" \/>\n<link rel=\"canonical\" href=\"https:\/\/www.gauthier-charente.com\/es\/notas-legales\/\" \/>\n<meta property=\"og:locale\" content=\"es_ES\" \/>\n<meta property=\"og:type\" content=\"article\" \/>\n<meta property=\"og:title\" content=\"Notas legales - Gauthier CHARENTE\" \/>\n<meta property=\"og:description\" content=\"Gauthier Charente Piedra Combe Brune\u00ae Notas legales Propietario: GAUTHIER CHARENTE Representante legal : GAUTHIER Fran\u00e7ois Raz\u00f3n social: GAUTHIER CHARENTE Sede : 16 Rue des \u00c9coles, 16380 Marthon, Francia Tel\u00e9fono : 05 45 70 22 72 Correo electr\u00f3nico : contact@gauthier-charente.com SIRET : 44025228600016 C\u00f3digo APE : 0811Z IVA intracomunitario: FR20440252286 Alojamiento : Infomaniak Network SA, Rue [&hellip;]\" \/>\n<meta property=\"og:url\" content=\"https:\/\/www.gauthier-charente.com\/es\/notas-legales\/\" \/>\n<meta property=\"og:site_name\" content=\"Gauthier CHARENTE\" \/>\n<meta property=\"article:modified_time\" content=\"2021-11-24T22:06:25+00:00\" \/>\n<meta property=\"og:image\" content=\"https:\/\/dev2021.gauthier-charente.com\/wp-content\/uploads\/2021\/07\/logo-gauthier-charente-simple-bleu.png\" \/>\n<meta name=\"twitter:card\" content=\"summary_large_image\" \/>\n<script type=\"application\/ld+json\" class=\"yoast-schema-graph\">{\"@context\":\"https:\\\/\\\/schema.org\",\"@graph\":[{\"@type\":\"WebPage\",\"@id\":\"https:\\\/\\\/www.gauthier-charente.com\\\/es\\\/notas-legales\\\/\",\"url\":\"https:\\\/\\\/www.gauthier-charente.com\\\/es\\\/notas-legales\\\/\",\"name\":\"Notas legales - Gauthier CHARENTE\",\"isPartOf\":{\"@id\":\"https:\\\/\\\/www.gauthier-charente.com\\\/es\\\/#website\"},\"primaryImageOfPage\":{\"@id\":\"https:\\\/\\\/www.gauthier-charente.com\\\/es\\\/notas-legales\\\/#primaryimage\"},\"image\":{\"@id\":\"https:\\\/\\\/www.gauthier-charente.com\\\/es\\\/notas-legales\\\/#primaryimage\"},\"thumbnailUrl\":\"https:\\\/\\\/dev2021.gauthier-charente.com\\\/wp-content\\\/uploads\\\/2021\\\/07\\\/logo-gauthier-charente-simple-bleu.png\",\"datePublished\":\"2021-11-24T21:08:42+00:00\",\"dateModified\":\"2021-11-24T22:06:25+00:00\",\"breadcrumb\":{\"@id\":\"https:\\\/\\\/www.gauthier-charente.com\\\/es\\\/notas-legales\\\/#breadcrumb\"},\"inLanguage\":\"es\",\"potentialAction\":[{\"@type\":\"ReadAction\",\"target\":[\"https:\\\/\\\/www.gauthier-charente.com\\\/es\\\/notas-legales\\\/\"]}]},{\"@type\":\"ImageObject\",\"inLanguage\":\"es\",\"@id\":\"https:\\\/\\\/www.gauthier-charente.com\\\/es\\\/notas-legales\\\/#primaryimage\",\"url\":\"https:\\\/\\\/dev2021.gauthier-charente.com\\\/wp-content\\\/uploads\\\/2021\\\/07\\\/logo-gauthier-charente-simple-bleu.png\",\"contentUrl\":\"https:\\\/\\\/dev2021.gauthier-charente.com\\\/wp-content\\\/uploads\\\/2021\\\/07\\\/logo-gauthier-charente-simple-bleu.png\"},{\"@type\":\"BreadcrumbList\",\"@id\":\"https:\\\/\\\/www.gauthier-charente.com\\\/es\\\/notas-legales\\\/#breadcrumb\",\"itemListElement\":[{\"@type\":\"ListItem\",\"position\":1,\"name\":\"Accueil\",\"item\":\"https:\\\/\\\/www.gauthier-charente.com\\\/es\\\/\"},{\"@type\":\"ListItem\",\"position\":2,\"name\":\"Notas legales\"}]},{\"@type\":\"WebSite\",\"@id\":\"https:\\\/\\\/www.gauthier-charente.com\\\/es\\\/#website\",\"url\":\"https:\\\/\\\/www.gauthier-charente.com\\\/es\\\/\",\"name\":\"Gauthier CHARENTE\",\"description\":\"\",\"potentialAction\":[{\"@type\":\"SearchAction\",\"target\":{\"@type\":\"EntryPoint\",\"urlTemplate\":\"https:\\\/\\\/www.gauthier-charente.com\\\/es\\\/?s={search_term_string}\"},\"query-input\":{\"@type\":\"PropertyValueSpecification\",\"valueRequired\":true,\"valueName\":\"search_term_string\"}}],\"inLanguage\":\"es\"}]}<\/script>\n<!-- \/ Yoast SEO plugin. -->","yoast_head_json":{"title":"Notas legales - Gauthier CHARENTE","robots":{"index":"index","follow":"follow","max-snippet":"max-snippet:-1","max-image-preview":"max-image-preview:large","max-video-preview":"max-video-preview:-1"},"canonical":"https:\/\/www.gauthier-charente.com\/es\/notas-legales\/","og_locale":"es_ES","og_type":"article","og_title":"Notas legales - Gauthier CHARENTE","og_description":"Gauthier Charente Piedra Combe Brune\u00ae Notas legales Propietario: GAUTHIER CHARENTE Representante legal : GAUTHIER Fran\u00e7ois Raz\u00f3n social: GAUTHIER CHARENTE Sede : 16 Rue des \u00c9coles, 16380 Marthon, Francia Tel\u00e9fono : 05 45 70 22 72 Correo electr\u00f3nico : contact@gauthier-charente.com SIRET : 44025228600016 C\u00f3digo APE : 0811Z IVA intracomunitario: FR20440252286 Alojamiento : Infomaniak Network SA, Rue [&hellip;]","og_url":"https:\/\/www.gauthier-charente.com\/es\/notas-legales\/","og_site_name":"Gauthier CHARENTE","article_modified_time":"2021-11-24T22:06:25+00:00","og_image":[{"url":"https:\/\/dev2021.gauthier-charente.com\/wp-content\/uploads\/2021\/07\/logo-gauthier-charente-simple-bleu.png","type":"","width":"","height":""}],"twitter_card":"summary_large_image","schema":{"@context":"https:\/\/schema.org","@graph":[{"@type":"WebPage","@id":"https:\/\/www.gauthier-charente.com\/es\/notas-legales\/","url":"https:\/\/www.gauthier-charente.com\/es\/notas-legales\/","name":"Notas legales - Gauthier CHARENTE","isPartOf":{"@id":"https:\/\/www.gauthier-charente.com\/es\/#website"},"primaryImageOfPage":{"@id":"https:\/\/www.gauthier-charente.com\/es\/notas-legales\/#primaryimage"},"image":{"@id":"https:\/\/www.gauthier-charente.com\/es\/notas-legales\/#primaryimage"},"thumbnailUrl":"https:\/\/dev2021.gauthier-charente.com\/wp-content\/uploads\/2021\/07\/logo-gauthier-charente-simple-bleu.png","datePublished":"2021-11-24T21:08:42+00:00","dateModified":"2021-11-24T22:06:25+00:00","breadcrumb":{"@id":"https:\/\/www.gauthier-charente.com\/es\/notas-legales\/#breadcrumb"},"inLanguage":"es","potentialAction":[{"@type":"ReadAction","target":["https:\/\/www.gauthier-charente.com\/es\/notas-legales\/"]}]},{"@type":"ImageObject","inLanguage":"es","@id":"https:\/\/www.gauthier-charente.com\/es\/notas-legales\/#primaryimage","url":"https:\/\/dev2021.gauthier-charente.com\/wp-content\/uploads\/2021\/07\/logo-gauthier-charente-simple-bleu.png","contentUrl":"https:\/\/dev2021.gauthier-charente.com\/wp-content\/uploads\/2021\/07\/logo-gauthier-charente-simple-bleu.png"},{"@type":"BreadcrumbList","@id":"https:\/\/www.gauthier-charente.com\/es\/notas-legales\/#breadcrumb","itemListElement":[{"@type":"ListItem","position":1,"name":"Accueil","item":"https:\/\/www.gauthier-charente.com\/es\/"},{"@type":"ListItem","position":2,"name":"Notas legales"}]},{"@type":"WebSite","@id":"https:\/\/www.gauthier-charente.com\/es\/#website","url":"https:\/\/www.gauthier-charente.com\/es\/","name":"Gauthier CHARENTE","description":"","potentialAction":[{"@type":"SearchAction","target":{"@type":"EntryPoint","urlTemplate":"https:\/\/www.gauthier-charente.com\/es\/?s={search_term_string}"},"query-input":{"@type":"PropertyValueSpecification","valueRequired":true,"valueName":"search_term_string"}}],"inLanguage":"es"}]}},"_links":{"self":[{"href":"https:\/\/www.gauthier-charente.com\/es\/wp-json\/wp\/v2\/pages\/30717","targetHints":{"allow":["GET"]}}],"collection":[{"href":"https:\/\/www.gauthier-charente.com\/es\/wp-json\/wp\/v2\/pages"}],"about":[{"href":"https:\/\/www.gauthier-charente.com\/es\/wp-json\/wp\/v2\/types\/page"}],"author":[{"embeddable":true,"href":"https:\/\/www.gauthier-charente.com\/es\/wp-json\/wp\/v2\/users\/1"}],"replies":[{"embeddable":true,"href":"https:\/\/www.gauthier-charente.com\/es\/wp-json\/wp\/v2\/comments?post=30717"}],"version-history":[{"count":1,"href":"https:\/\/www.gauthier-charente.com\/es\/wp-json\/wp\/v2\/pages\/30717\/revisions"}],"predecessor-version":[{"id":30718,"href":"https:\/\/www.gauthier-charente.com\/es\/wp-json\/wp\/v2\/pages\/30717\/revisions\/30718"}],"wp:attachment":[{"href":"https:\/\/www.gauthier-charente.com\/es\/wp-json\/wp\/v2\/media?parent=30717"}],"curies":[{"name":"wp","href":"https:\/\/api.w.org\/{rel}","templated":true}]}}